{"id":315257,"date":"2023-08-16T09:39:54","date_gmt":"2023-08-16T08:39:54","guid":{"rendered":"https:\/\/pontualsolutions.com\/politica-privacidade-cookies\/"},"modified":"2024-02-08T11:47:22","modified_gmt":"2024-02-08T11:47:22","slug":"politica-privacidad-cookies","status":"publish","type":"page","link":"https:\/\/pontualsolutions.com\/es\/politica-privacidad-cookies\/","title":{"rendered":"Pol\u00edtica de Privacidad y Cookies"},"content":{"rendered":"<p>[et_pb_section fb_built=\u00bb1&#8243; admin_label=\u00bbsection\u00bb _builder_version=\u00bb4.22.1&#8243; background_color=\u00bb#363636&#8243; global_colors_info=\u00bb{}\u00bb][et_pb_row custom_padding_last_edited=\u00bbon|phone\u00bb module_class=\u00bbblocos-width\u00bb _builder_version=\u00bb4.22.1&#8243; _module_preset=\u00bbdefault\u00bb custom_padding_tablet=\u00bb\u00bb custom_padding_phone=\u00bb15px||||false|false\u00bb global_colors_info=\u00bb{}\u00bb][et_pb_column type=\u00bb4_4&#8243; _builder_version=\u00bb4.22.1&#8243; _module_preset=\u00bbdefault\u00bb global_colors_info=\u00bb{}\u00bb][et_pb_text _builder_version=\u00bb4.22.1&#8243; _dynamic_attributes=\u00bbcontent\u00bb _module_preset=\u00bbdefault\u00bb text_font=\u00bbSpace Grotesk||||||||\u00bb header_font=\u00bbSpace Grotesk||||||||\u00bb header_text_color=\u00bb#00dac8&#8243; header_font_size=\u00bb45px\u00bb header_line_height=\u00bb1.2em\u00bb header_font_size_tablet=\u00bb38px\u00bb header_font_size_phone=\u00bb30px\u00bb header_font_size_last_edited=\u00bbon|phone\u00bb header_line_height_tablet=\u00bb1.2em\u00bb header_line_height_phone=\u00bb1.2em\u00bb header_line_height_last_edited=\u00bbon|desktop\u00bb global_colors_info=\u00bb{}\u00bb]@ET-DC@eyJkeW5hbWljIjp0cnVlLCJjb250ZW50IjoicG9zdF90aXRsZSIsInNldHRpbmdzIjp7ImJlZm9yZSI6IjxoMT4iLCJhZnRlciI6IjwvaDE+In19@[\/et_pb_text][\/et_pb_column][\/et_pb_row][et_pb_row custom_padding_last_edited=\u00bbon|phone\u00bb admin_label=\u00bbrow\u00bb module_class=\u00bbblocos-width\u00bb _builder_version=\u00bb4.22.1&#8243; background_size=\u00bbinitial\u00bb background_position=\u00bbtop_left\u00bb background_repeat=\u00bbrepeat\u00bb custom_margin=\u00bb15px||||false|false\u00bb custom_margin_tablet=\u00bb||||false|false\u00bb custom_margin_phone=\u00bb2px||||false|false\u00bb custom_margin_last_edited=\u00bbon|phone\u00bb custom_padding=\u00bb0px||||false|false\u00bb custom_padding_tablet=\u00bb0px||||false|false\u00bb custom_padding_phone=\u00bb0px||||false|false\u00bb global_colors_info=\u00bb{}\u00bb][et_pb_column type=\u00bb4_4&#8243; _builder_version=\u00bb4.16&#8243; custom_padding=\u00bb|||\u00bb global_colors_info=\u00bb{}\u00bb custom_padding__hover=\u00bb|||\u00bb][et_pb_text admin_label=\u00bbText\u00bb _builder_version=\u00bb4.23.1&#8243; text_font=\u00bbSpace Grotesk|300|||||||\u00bb text_text_color=\u00bb#FFFFFF\u00bb text_font_size=\u00bb15px\u00bb text_line_height=\u00bb1.6em\u00bb link_font=\u00bbSpace Grotesk|300|||||||\u00bb link_text_color=\u00bb#00dac8&#8243; link_font_size=\u00bb15px\u00bb link_line_height=\u00bb1.6em\u00bb header_2_font=\u00bbSpace Grotesk||||||||\u00bb header_2_text_color=\u00bb#FFFFFF\u00bb header_2_font_size=\u00bb29px\u00bb header_2_line_height=\u00bb1.8em\u00bb background_size=\u00bbinitial\u00bb background_position=\u00bbtop_left\u00bb background_repeat=\u00bbrepeat\u00bb hover_enabled=\u00bb0&#8243; text_line_height_tablet=\u00bb1.6em\u00bb text_line_height_phone=\u00bb1.5em\u00bb text_line_height_last_edited=\u00bbon|phone\u00bb header_2_font_size_tablet=\u00bb26px\u00bb header_2_font_size_phone=\u00bb21px\u00bb header_2_font_size_last_edited=\u00bbon|phone\u00bb header_2_line_height_tablet=\u00bb1.8em\u00bb header_2_line_height_phone=\u00bb1.2em\u00bb header_2_line_height_last_edited=\u00bbon|phone\u00bb global_colors_info=\u00bb{}\u00bb sticky_enabled=\u00bb0&#8243;]PONTUAL &#8211; IT Business Solutions, en adelante PONTUAL, es la empresa responsable de este sitio web.<\/p>\n<p>Esta Pol\u00edtica de Privacidad y Cookies cubre este sitio web, as\u00ed como otros sitios web que mencionan esta pol\u00edtica.<\/p>\n<p>PONTUAL se compromete a respetar su privacidad y a tratar sus datos personales de forma cuidadosa y confidencial, de acuerdo con la legislaci\u00f3n aplicable. Los datos no ser\u00e1n tratados para fines distintos de los aqu\u00ed especificados.<\/p>\n<p>PONTUAL se reserva el derecho de actualizar o modificar su Pol\u00edtica de Privacidad en cualquier momento, especialmente para adaptarla a los cambios legislativos. Por ello, se aconseja a los visitantes que visiten esta informaci\u00f3n con regularidad.<\/p>\n<h2>Consentimiento<\/h2>\n<p>Por favor, lea atentamente nuestra Pol\u00edtica de Privacidad y Cookies. Si no est\u00e1 de acuerdo con ella, no debe utilizar este sitio web.<\/p>\n<p>Al utilizar este sitio web, usted da su consentimiento a la recogida y uso de informaci\u00f3n.<\/p>\n<p>PONTUAL podr\u00e1 en cualquier momento modificar, a\u00f1adir o eliminar cualquiera de las pol\u00edticas de privacidad de este sitio web actualizando el contenido de esta p\u00e1gina.<\/p>\n<h2>\u00bfQu\u00e9 tipo de datos recoge PONTUAL?<\/h2>\n<p>PONTUAL recoge datos sobre sus empresas clientes y sus empleados, incluyendo nombre, direcci\u00f3n de correo electr\u00f3nico, cargo y n\u00famero de tel\u00e9fono\/m\u00f3vil.<\/p>\n<h2>\u00bfCon qu\u00e9 finalidad PONTUAL recaba datos personales del usuario?<\/h2>\n<p>Los datos recogidos en el sitio web se utilizan para tramitar pedidos y comunicarse con los clientes, procesar consultas, analizar estad\u00edsticas y con fines de marketing directo.<\/p>\n<h2>\u00bfUtiliza PONTUAL datos personales para marketing directo?<\/h2>\n<p>PONTUAL podr\u00e1 utilizar sus datos personales para enviarle correos electr\u00f3nicos no solicitados relativos a productos u ofertas comerciales que puedan ser de su inter\u00e9s. PONTUAL no vende ni comercia con sus datos.<\/p>\n<p>El visitante autoriza expresamente a PONTUAL a enviarle informaci\u00f3n sobre productos y servicios que puedan ser de su inter\u00e9s, utilizando sus datos personales con fines de marketing directo a trav\u00e9s de cualquier canal de comunicaci\u00f3n, en particular mediante el uso del correo electr\u00f3nico, tel\u00e9fono, SMS, MMS u otras formas de llamada autom\u00e1tica. PONTUAL no comercializar\u00e1 ni compartir\u00e1 su base de datos de clientes con terceros.<\/p>\n<h2>\u00bfQui\u00e9n tiene acceso a sus datos personales?<\/h2>\n<p>PONTUAL no revela a terceros ning\u00fan dato personal de sus usuarios\/visitantes sin su consentimiento, excepto (1) cuando se trate de empresas del Grupo PONTUAL, o (2) cuando sea necesario para que los empleados, funcionarios, proveedores o socios comerciales de PONTUAL proporcionen un producto o servicio o realicen una funci\u00f3n en nombre de PONTUAL, o (3) cuando sea requerido o permitido por la ley.<\/p>\n<p>PONTUAL tomar\u00e1 las precauciones razonables para que sus empleados o colaboradores con acceso a datos de car\u00e1cter personal reciban la formaci\u00f3n adecuada para su correcto tratamiento, con respeto a esta pol\u00edtica y a las obligaciones legales de protecci\u00f3n de datos. En caso de incumplimiento, PONTUAL aplicar\u00e1 sanciones disciplinarias a sus empleados y colaboradores.<\/p>\n<p>Siempre que PONTUAL revele los datos personales del visitante, velar\u00e1 por el cumplimiento de la Ley de Protecci\u00f3n de Datos de Car\u00e1cter Personal, en particular mediante la previsi\u00f3n de disposiciones contractuales que garanticen que el tercero utiliza los datos recibidos \u00fanicamente para los fines especificados y de conformidad con los fines descritos en esta pol\u00edtica, y que utiliza medios de seguridad adecuados para proteger los datos personales del usuario\/visitante contra el tratamiento ilegal o no autorizado, as\u00ed como contra la p\u00e9rdida accidental, la destrucci\u00f3n u otras acciones perjudiciales.<\/p>\n<h2>\u00bfD\u00f3nde se almacenan los datos de los usuarios?<\/h2>\n<p>PONTUAL almacena los datos de sus usuarios\/visitantes en sus servidores ubicados en Portugal. Estos servidores est\u00e1n protegidos y mantenidos de acuerdo con altos est\u00e1ndares de seguridad y con el fin de respetar las leyes de privacidad aplicables.<\/p>\n<h2>\u00bfEst\u00e1n seguros sus datos con PONTUAL?<\/h2>\n<p>PONTUAL ha adoptado las medidas t\u00e9cnicas y organizativas necesarias para proteger adecuadamente sus datos frente a tratamientos y accesos no autorizados.<\/p>\n<p>PONTUAL realiza todos los esfuerzos razonables para evitar el uso no autorizado o ilegal de los datos personales del visitante, as\u00ed como su p\u00e9rdida, destrucci\u00f3n o da\u00f1o. Sin embargo, PONTUAL no puede proporcionar una garant\u00eda absoluta con respecto a los datos del usuario.<\/p>\n<p>PONTUAL protege la seguridad de los datos personales del usuario a trav\u00e9s de los siguientes medios: (1) uso de encriptaci\u00f3n con certificado en todas las comunicaciones de la web, (2) uso de contrase\u00f1a para acceder a la web; y (3) limitaci\u00f3n del acceso a los datos personales (por ejemplo, acceso s\u00f3lo a empleados o trabajadores de PONTUAL que necesiten acceder a los mismos para las finalidades descritas anteriormente).<\/p>\n<p>PONTUAL solicita la colaboraci\u00f3n del usuario\/visitante en el mantenimiento de la seguridad de los datos personales, recomend\u00e1ndole que: (1) no utilice un nombre de usuario y una contrase\u00f1a f\u00e1ciles de adivinar; (2) cambie su contrase\u00f1a con regularidad; y (3) no revele su contrase\u00f1a a nadie.<\/p>\n<h2>\u00bfY los enlaces en el sitio web?<\/h2>\n<p>El sitio web de PONTUAL puede contener enlaces a otros sitios web y direcciones de correo electr\u00f3nico de empresas ajenas a PONTUAL. Esta Pol\u00edtica de Privacidad no se aplica a dichos sitios web y direcciones de correo electr\u00f3nico.<\/p>\n<p>Si utiliza un enlace disponible en este sitio web a otro sitio web y facilita datos personales en ese sitio, el tratamiento de los datos estar\u00e1 sujeto a la declaraci\u00f3n de privacidad de ese sitio web.<\/p>\n<h2>\u00bfQu\u00e9 son las cookies?<\/h2>\n<p>Las cookies son peque\u00f1os archivos de texto que un sitio web coloca en su ordenador o dispositivo m\u00f3vil a trav\u00e9s de su navegador cuando lo visita. La colocaci\u00f3n de cookies ayudar\u00e1 al sitio web a reconocer su dispositivo la pr\u00f3xima vez que lo visite.<\/p>\n<p>En esta pol\u00edtica utilizamos el t\u00e9rmino cookies para referirnos a todos los archivos que recopilan informaci\u00f3n de esta forma.<\/p>\n<p>Las cookies utilizadas no recogen informaci\u00f3n que identifique al usuario. Las cookies recogen informaci\u00f3n gen\u00e9rica, como la forma en que los usuarios llegan al sitio y lo utilizan o la zona del pa\u00eds\/pa\u00edses a trav\u00e9s de la cual acceden al sitio, etc.<\/p>\n<p>Las cookies s\u00f3lo conservan informaci\u00f3n relacionada con sus preferencias.<\/p>\n<p>En cualquier momento, el usuario puede elegir ser notificado de la recepci\u00f3n de cookies a trav\u00e9s de su navegador o bloquear su entrada en su sistema.<\/p>\n<p>Si rechaza el uso de cookies en el sitio web, es posible que no pueda acceder a algunas de sus \u00e1reas o recibir informaci\u00f3n personalizada.<\/p>\n<h2>A PONTUAL utiliza cookies no seu website?<\/h2>\n<p>El sitio web de PONTUAL utiliza cookies en determinadas \u00e1reas.<\/p>\n<p>Las cookies se utilizan para controlar y analizar el uso del sitio web, lo que permite a PONTUAL identificar y atender mejor al visitante.<\/p>\n<p>PONTUAL no comparte cookies con terceros, incluidos proveedores de datos o sitios web externos.<\/p>\n<h2>\u00bfCu\u00e1les son los derechos de los usuarios?<\/h2>\n<p>De acuerdo con la Ley de Protecci\u00f3n de Datos de Car\u00e1cter Personal, el usuario\/visitante tiene derecho a obtener informaci\u00f3n sobre sus datos personales. Tiene derecho a conocer qu\u00e9 datos personales han sido objeto de tratamiento por parte de PONTUAL, as\u00ed como a solicitar a PONTUAL la rectificaci\u00f3n, complementaci\u00f3n, bloqueo o supresi\u00f3n total o parcial de los datos cuando resulten ser incompletos, inexactos o no pertinentes para su tratamiento.<\/p>\n<p>Los datos deben ser actualizados por el propio cliente en el sitio web, en la secci\u00f3n espec\u00edficamente prevista para ello.<\/p>\n<p>Si usted desea, en cualquier momento, dejar de formar parte de la base de datos de PONTUAL, puede ejercer este derecho poni\u00e9ndose en contacto con nosotros a trav\u00e9s de los siguientes medios:<\/p>\n<p>Correo Electr\u00f3nico: info@pontual.es<br \/>\nTel\u00e9fono: +34 932 113 300 \/ +34 934 872 287 \u2013 Horarios de apertura: De lunes a viernes, de 9:00 a 18:00 horas<br \/>\nSitio web: <a href=\"https:\/\/pontualsolutions.com\/es\/contacto\">pontualsolutions.com\/es\/contacto<\/a>[\/et_pb_text][\/et_pb_column][\/et_pb_row][\/et_pb_section]<\/p>\n","protected":false},"excerpt":{"rendered":"<p>PONTUAL &#8211; IT Business Solutions, en adelante PONTUAL, es la empresa responsable de este sitio web. Esta Pol\u00edtica de Privacidad y Cookies cubre este sitio web, as\u00ed como otros sitios web que mencionan esta pol\u00edtica. PONTUAL se compromete a respetar su privacidad y a tratar sus datos personales de forma cuidadosa y confidencial, de acuerdo [&hellip;]<\/p>\n","protected":false},"author":1,"featured_media":0,"parent":0,"menu_order":0,"comment_status":"closed","ping_status":"closed","template":"","meta":{"_et_pb_use_builder":"on","_et_pb_old_content":"<p>Esta Pol\u00edtica de Privacidade descreve as pol\u00edticas da PONTUAL - IT Business Solutions, Rua Zona Industrial, 250, Santa Maria da Feira 4520-115, Portugal, email: info@pontual.pt, telefone: 968935576 sobre a recolha, utiliza\u00e7\u00e3o e divulga\u00e7\u00e3o das suas informa\u00e7\u00f5es que recolhemos quando utiliza o nosso website ( https:\/\/pontualsolutions.com ).<\/p>\r\n<p>Ao aceder ou utilizar o Servi\u00e7o, o utilizador est\u00e1 a consentir a recolha, utiliza\u00e7\u00e3o e divulga\u00e7\u00e3o da sua informa\u00e7\u00e3o de acordo com a presente Pol\u00edtica de Privacidade. Se n\u00e3o concordar com o mesmo, n\u00e3o aceda ou utilize o Servi\u00e7o.<\/p>\r\n<p>Podemos modificar esta Pol\u00edtica de Privacidade em qualquer altura, sem aviso pr\u00e9vio, e publicaremos a Pol\u00edtica de Privacidade revista no Servi\u00e7o. A Pol\u00edtica revista entrar\u00e1 em vigor 180 dias ap\u00f3s a publica\u00e7\u00e3o da Pol\u00edtica revista no Servi\u00e7o e o seu acesso ou utiliza\u00e7\u00e3o continuada do Servi\u00e7o ap\u00f3s esse per\u00edodo constituir\u00e1 a sua aceita\u00e7\u00e3o da Pol\u00edtica de Privacidade revista. Por conseguinte, recomendamos que reveja periodicamente esta p\u00e1gina.<\/p>\r\n<h2>Informa\u00e7\u00f5es que recolhemos:<\/h2>\r\n<p>Iremos recolher e processar as seguintes informa\u00e7\u00f5es pessoais sobre o utilizador: <br \/><br \/>Nome<br \/>Email<br \/>Telem\u00f3vel<br \/>Empresa<br \/><br \/>Como utilizamos a sua informa\u00e7\u00e3o: <br \/>Utilizaremos as informa\u00e7\u00f5es que recolhemos sobre si para os seguintes fins: <br \/><br \/>Marketing\/ Promocional<br \/>Recolha de feedback do cliente<br \/>Suporte<br \/>Informa\u00e7\u00e3o administrativa<br \/>Gerir a encomenda do cliente<br \/>Se pretendermos utilizar as suas informa\u00e7\u00f5es para qualquer outro fim, f\u00e1-lo-emos como<\/p>\r\n<p>\u00a0<\/p>\r\n<p>\u00daltima atualiza\u00e7\u00e3o: 122-Sep-2023 <br \/>Data de vig\u00eancia 12-Sep-2023<\/p>","_et_gb_content_width":"","footnotes":""},"folder":[14],"class_list":["post-315257","page","type-page","status-publish","hentry"],"_links":{"self":[{"href":"https:\/\/pontualsolutions.com\/es\/wp-json\/wp\/v2\/pages\/315257","targetHints":{"allow":["GET"]}}],"collection":[{"href":"https:\/\/pontualsolutions.com\/es\/wp-json\/wp\/v2\/pages"}],"about":[{"href":"https:\/\/pontualsolutions.com\/es\/wp-json\/wp\/v2\/types\/page"}],"author":[{"embeddable":true,"href":"https:\/\/pontualsolutions.com\/es\/wp-json\/wp\/v2\/users\/1"}],"replies":[{"embeddable":true,"href":"https:\/\/pontualsolutions.com\/es\/wp-json\/wp\/v2\/comments?post=315257"}],"version-history":[{"count":7,"href":"https:\/\/pontualsolutions.com\/es\/wp-json\/wp\/v2\/pages\/315257\/revisions"}],"predecessor-version":[{"id":315265,"href":"https:\/\/pontualsolutions.com\/es\/wp-json\/wp\/v2\/pages\/315257\/revisions\/315265"}],"wp:attachment":[{"href":"https:\/\/pontualsolutions.com\/es\/wp-json\/wp\/v2\/media?parent=315257"}],"wp:term":[{"taxonomy":"folder","embeddable":true,"href":"https:\/\/pontualsolutions.com\/es\/wp-json\/wp\/v2\/folder?post=315257"}],"curies":[{"name":"wp","href":"https:\/\/api.w.org\/{rel}","templated":true}]}}